{"id":353,"date":"2024-07-17T12:42:44","date_gmt":"2024-07-17T17:42:44","guid":{"rendered":"https:\/\/medicinaancestralindigena.com\/?page_id=353"},"modified":"2024-07-18T11:44:10","modified_gmt":"2024-07-18T16:44:10","slug":"ivonne-montana","status":"publish","type":"page","link":"https:\/\/medicinaancestralindigena.com\/index.php\/ivonne-montana\/","title":{"rendered":"Ivonne Monta\u00f1a"},"content":{"rendered":"<p>[et_pb_section fb_built=&#8221;1&#8243; _builder_version=&#8221;3.3.1&#8243; use_background_color_gradient=&#8221;on&#8221; background_color_gradient_start=&#8221;rgba(255,255,255,0.71)&#8221; background_color_gradient_end=&#8221;#ffffff&#8221; background_color_gradient_overlays_image=&#8221;on&#8221; background_image=&#8221;https:\/\/medicinaancestralindigena.com\/wp-content\/uploads\/2024\/07\/21BE1A48-1688-4F3B-B0C5-95CD2D5A95D6.jpeg&#8221; custom_padding=&#8221;54px|0px|0|0px|false|false&#8221;][et_pb_row _builder_version=&#8221;3.3.1&#8243;][et_pb_column type=&#8221;4_4&#8243; _builder_version=&#8221;3.3.1&#8243; parallax=&#8221;off&#8221; parallax_method=&#8221;on&#8221;][et_pb_text _builder_version=&#8221;3.3.1&#8243; text_font=&#8221;Actor||||||||&#8221; text_text_color=&#8221;#000000&#8243; text_font_size=&#8221;26px&#8221;]<\/p>\n<p style=\"text-align: center;\"><strong>IVONNE MONTA\u00d1A<\/strong><\/p>\n<p>[\/et_pb_text][\/et_pb_column][\/et_pb_row][et_pb_row _builder_version=&#8221;3.3.1&#8243;][et_pb_column type=&#8221;1_3&#8243; _builder_version=&#8221;3.3.1&#8243; parallax=&#8221;off&#8221; parallax_method=&#8221;on&#8221;][et_pb_image src=&#8221;https:\/\/medicinaancestralindigena.com\/wp-content\/uploads\/2024\/07\/Untitled-design-3-1.png&#8221; _builder_version=&#8221;3.3.1&#8243;][\/et_pb_image][\/et_pb_column][et_pb_column type=&#8221;2_3&#8243; _builder_version=&#8221;3.3.1&#8243; parallax=&#8221;off&#8221; parallax_method=&#8221;on&#8221;][et_pb_text _builder_version=&#8221;3.3.1&#8243; text_font=&#8221;Actor||||||||&#8221; text_text_color=&#8221;#000000&#8243; text_font_size=&#8221;18px&#8221;]<\/p>\n<p style=\"text-align: justify;\">Mi nombre es Ivonne, conoc\u00ed la medicina por mi t\u00edo quien hace parte de este camino. Tuve la oportunidad de conocer su experiencia y luego la de mi prima (hija de \u00e9l) , sin duda vi un cambio en su ser significativo. En alg\u00fan momento quer\u00eda tener la oportunidad de hacerlo, en mi momento, sin apuros, previo a la primera vez que asist\u00ed a ceremonia tuve un sue\u00f1o donde me daban una fecha y me dec\u00edan que me esperaba, posterior al sue\u00f1o mi t\u00edo fue quien me invit\u00f3 a una ceremonia, en ese momento pasaba por un cambio dr\u00e1stico en mi vida y fue mi momento, decidida ha ir a tomar yag\u00e9, desde ese entonces siento que algo en mi se desencaj\u00f3 de una manera que no puedo describir siento que no soy la misma y que en mi ser cambio algo y eso es la manera de ver las cosas de no culparme por no ser lo que yo misma esperaba de mi, reconocerme y ver hacia afuera pero desde adentro, he cambiado mucho y es diferente a como sol\u00eda ser.<\/p>\n<p>[\/et_pb_text][\/et_pb_column][\/et_pb_row][et_pb_row _builder_version=&#8221;3.3.1&#8243;][et_pb_column type=&#8221;1_2&#8243; _builder_version=&#8221;3.3.1&#8243; parallax=&#8221;off&#8221; parallax_method=&#8221;on&#8221;][et_pb_text _builder_version=&#8221;3.3.1&#8243; text_font=&#8221;Actor||||||||&#8221; text_text_color=&#8221;#000000&#8243; text_font_size=&#8221;18px&#8221;]<\/p>\n<p style=\"text-align: justify;\">veo mas tranquilo como pasa cada cosa en mi vida y en la de mi familia somos un todo, as\u00ed mismo se debe ver el resto de la realidad que me rodea. Veo en la medicina un camino largo y bonito por seguir siendo mejor por conocerme, por rehacerme y entenderme.<\/p>\n<p>[\/et_pb_text][\/et_pb_column][et_pb_column type=&#8221;1_2&#8243; _builder_version=&#8221;3.3.1&#8243; parallax=&#8221;off&#8221; parallax_method=&#8221;on&#8221;][et_pb_image src=&#8221;https:\/\/medicinaancestralindigena.com\/wp-content\/uploads\/2024\/07\/Untitled-design-3-1.png&#8221; align=&#8221;center&#8221; _builder_version=&#8221;3.3.1&#8243; max_width=&#8221;70%&#8221; module_alignment=&#8221;center&#8221;][\/et_pb_image][\/et_pb_column][\/et_pb_row][\/et_pb_section][et_pb_section fb_built=&#8221;1&#8243; _builder_version=&#8221;3.3.1&#8243; background_color=&#8221;#3EB260&#8243; custom_padding=&#8221;0|0px|54px|0px|false|false&#8221;][et_pb_row use_custom_width=&#8221;on&#8221; width_unit=&#8221;off&#8221; custom_width_percent=&#8221;100%&#8221; use_custom_gutter=&#8221;on&#8221; gutter_width=&#8221;2&#8243; _builder_version=&#8221;3.3.1&#8243; module_alignment=&#8221;center&#8221;][et_pb_column type=&#8221;1_4&#8243; _builder_version=&#8221;3.3.1&#8243; parallax=&#8221;off&#8221; parallax_method=&#8221;on&#8221;][et_pb_image src=&#8221;https:\/\/medicinaancestralindigena.com\/wp-content\/uploads\/2024\/07\/medicina_ancestral_indigena.jpeg&#8221; align=&#8221;center&#8221; _builder_version=&#8221;3.3.1&#8243;][\/et_pb_image][et_pb_text _builder_version=&#8221;3.3.1&#8243; text_font=&#8221;Actor||||||||&#8221; text_text_color=&#8221;#ffffff&#8221;]<\/p>\n<p style=\"text-align: center;\"><strong>Informaci\u00f3n<\/strong><\/p>\n<p style=\"text-align: center;\"><b>Bogot\u00e1: Calle 136 # 96 a 36<\/b><\/p>\n<p style=\"text-align: center;\"><b>Celular +573224275036<\/b><\/p>\n<p>[\/et_pb_text][\/et_pb_column][et_pb_column type=&#8221;1_4&#8243; _builder_version=&#8221;3.3.1&#8243; parallax=&#8221;off&#8221; parallax_method=&#8221;on&#8221;][et_pb_button button_text=&#8221;Medicinas&#8221; button_alignment=&#8221;center&#8221; _builder_version=&#8221;3.3.1&#8243; custom_button=&#8221;on&#8221; button_text_size=&#8221;14px&#8221; button_text_color=&#8221;#ffffff&#8221; button_border_width=&#8221;0px&#8221; button_font=&#8221;||||||||&#8221;][\/et_pb_button][et_pb_button button_url=&#8221;https:\/\/medicinaancestralindigena.com\/index.php\/blog\/&#8221; button_text=&#8221;Blogs&#8221; button_alignment=&#8221;center&#8221; _builder_version=&#8221;3.3.1&#8243; custom_button=&#8221;on&#8221; button_text_size=&#8221;14px&#8221; button_text_color=&#8221;#ffffff&#8221; button_border_width=&#8221;0px&#8221; button_font=&#8221;||||||||&#8221;][\/et_pb_button][et_pb_button button_url=&#8221;https:\/\/medicinaancestralindigena.com\/index.php\/tienda\/&#8221; button_text=&#8221;Tienda&#8221; button_alignment=&#8221;center&#8221; _builder_version=&#8221;3.3.1&#8243; custom_button=&#8221;on&#8221; button_text_size=&#8221;14px&#8221; button_text_color=&#8221;#ffffff&#8221; button_border_width=&#8221;0px&#8221; button_font=&#8221;||||||||&#8221;][\/et_pb_button][et_pb_button button_url=&#8221;https:\/\/medicinaancestralindigena.com\/index.php\/politicas-de-privacidad\/&#8221; button_text=&#8221;Pol\u00edticas de Privacidad&#8221; button_alignment=&#8221;center&#8221; _builder_version=&#8221;3.3.1&#8243; custom_button=&#8221;on&#8221; button_text_size=&#8221;14px&#8221; button_text_color=&#8221;#ffffff&#8221; button_border_width=&#8221;0px&#8221; button_font=&#8221;||||||||&#8221;][\/et_pb_button][et_pb_button button_url=&#8221;https:\/\/medicinaancestralindigena.com\/index.php\/terminos-y-condiciones\/&#8221; button_text=&#8221;T\u00e9rminos y Condiciones&#8221; button_alignment=&#8221;center&#8221; _builder_version=&#8221;3.3.1&#8243; custom_button=&#8221;on&#8221; button_text_size=&#8221;14px&#8221; button_text_color=&#8221;#ffffff&#8221; button_border_width=&#8221;0px&#8221; button_font=&#8221;||||||||&#8221;][\/et_pb_button][et_pb_button button_url=&#8221;https:\/\/api.whatsapp.com\/send\/?phone=573224275036&#038;text=Quiero+saber+m%C3%A1s+de%3A&#038;type=phone_number&#038;app_absent=0&#8243; button_text=&#8221;Cont\u00e1ctenos&#8221; button_alignment=&#8221;center&#8221; _builder_version=&#8221;3.3.1&#8243; custom_button=&#8221;on&#8221; button_text_size=&#8221;14px&#8221; button_text_color=&#8221;#ffffff&#8221; button_border_width=&#8221;0px&#8221; button_font=&#8221;||||||||&#8221;][\/et_pb_button][\/et_pb_column][et_pb_column type=&#8221;1_4&#8243; _builder_version=&#8221;3.3.1&#8243; parallax=&#8221;off&#8221; parallax_method=&#8221;on&#8221;][et_pb_text _builder_version=&#8221;3.3.1&#8243; text_font=&#8221;Actor||||||||&#8221; text_text_color=&#8221;#ffffff&#8221;]<\/p>\n<p style=\"text-align: center;\"><strong>Vis\u00edtenos en la Finca Los Suizos &#8211; San Francisco Cundinamarca<\/strong><\/p>\n<p>[\/et_pb_text][et_pb_image src=&#8221;https:\/\/medicinaancestralindigena.com\/wp-content\/uploads\/2024\/07\/IMG_6154.jpeg&#8221; url=&#8221;https:\/\/www.google.com\/maps\/place\/Finca+Los+Suizos\/@4.9650131,-74.3019915,17z\/data=!3m1!4b1!4m6!3m5!1s0x8e40873f1cf2e543:0xe505e5304ba3f7d8!8m2!3d4.9650131!4d-74.2994166!16s%2Fg%2F11jnplcv53?entry=ttu&#8221; _builder_version=&#8221;3.3.1&#8243;][\/et_pb_image][\/et_pb_column][et_pb_column type=&#8221;1_4&#8243; _builder_version=&#8221;3.3.1&#8243; parallax=&#8221;off&#8221; parallax_method=&#8221;on&#8221;][et_pb_text _builder_version=&#8221;3.3.1&#8243; text_font=&#8221;Actor||||||||&#8221; text_text_color=&#8221;#ffffff&#8221;]<\/p>\n<p style=\"text-align: center;\"><strong>Vis\u00edtenos en La Maloka &#8211; La Morada del Sol &#8211; Vereda Pedregal, Sogamoso<\/strong><\/p>\n<p>[\/et_pb_text][et_pb_image src=&#8221;https:\/\/medicinaancestralindigena.com\/wp-content\/uploads\/2024\/07\/IMG_6156.jpeg&#8221; url=&#8221;https:\/\/www.google.com\/maps\/place\/Maloka+La+Morada+Del+Sol+Taita+Pascual+Bello+Rosas\/@5.6461455,-72.9562256,17z\/data=!3m1!4b1!4m6!3m5!1s0x8e6a45001a258d59:0xdacafddd557326d5!8m2!3d5.6461402!4d-72.9536507!16s%2Fg%2F11lczj7y6x?entry=ttu&#8221; _builder_version=&#8221;3.3.1&#8243;][\/et_pb_image][\/et_pb_column][\/et_pb_row][\/et_pb_section]<\/p>\n","protected":false},"excerpt":{"rendered":"<p>[et_pb_section fb_built=&#8221;1&#8243; _builder_version=&#8221;3.3.1&#8243; use_background_color_gradient=&#8221;on&#8221; background_color_gradient_start=&#8221;rgba(255,255,255,0.71)&#8221; background_color_gradient_end=&#8221;#ffffff&#8221; background_color_gradient_overlays_image=&#8221;on&#8221; background_image=&#8221;https:\/\/medicinaancestralindigena.com\/wp-content\/uploads\/2024\/07\/21BE1A48-1688-4F3B-B0C5-95CD2D5A95D6.jpeg&#8221; custom_padding=&#8221;54px|0px|0|0px|false|false&#8221;][et_pb_row _builder_version=&#8221;3.3.1&#8243;][et_pb_column type=&#8221;4_4&#8243; _builder_version=&#8221;3.3.1&#8243; parallax=&#8221;off&#8221; parallax_method=&#8221;on&#8221;][et_pb_text _builder_version=&#8221;3.3.1&#8243; text_font=&#8221;Actor||||||||&#8221; text_text_color=&#8221;#000000&#8243; text_font_size=&#8221;26px&#8221;] IVONNE MONTA\u00d1A [\/et_pb_text][\/et_pb_column][\/et_pb_row][et_pb_row _builder_version=&#8221;3.3.1&#8243;][et_pb_column type=&#8221;1_3&#8243; _builder_version=&#8221;3.3.1&#8243; parallax=&#8221;off&#8221; parallax_method=&#8221;on&#8221;][et_pb_image src=&#8221;https:\/\/medicinaancestralindigena.com\/wp-content\/uploads\/2024\/07\/Untitled-design-3-1.png&#8221; _builder_version=&#8221;3.3.1&#8243;][\/et_pb_image][\/et_pb_column][et_pb_column type=&#8221;2_3&#8243; _builder_version=&#8221;3.3.1&#8243; parallax=&#8221;off&#8221; parallax_method=&#8221;on&#8221;][et_pb_text _builder_version=&#8221;3.3.1&#8243; text_font=&#8221;Actor||||||||&#8221; text_text_color=&#8221;#000000&#8243; text_font_size=&#8221;18px&#8221;] Mi nombre es Ivonne, conoc\u00ed la medicina por mi t\u00edo quien hace parte de este camino. Tuve la oportunidad [&hellip;]<\/p>\n","protected":false},"author":1,"featured_media":0,"parent":0,"menu_order":0,"comment_status":"closed","ping_status":"closed","template":"","meta":{"footnotes":""},"class_list":["post-353","page","type-page","status-publish","hentry"],"_links":{"self":[{"href":"https:\/\/medicinaancestralindigena.com\/index.php\/wp-json\/wp\/v2\/pages\/353","targetHints":{"allow":["GET"]}}],"collection":[{"href":"https:\/\/medicinaancestralindigena.com\/index.php\/wp-json\/wp\/v2\/pages"}],"about":[{"href":"https:\/\/medicinaancestralindigena.com\/index.php\/wp-json\/wp\/v2\/types\/page"}],"author":[{"embeddable":true,"href":"https:\/\/medicinaancestralindigena.com\/index.php\/wp-json\/wp\/v2\/users\/1"}],"replies":[{"embeddable":true,"href":"https:\/\/medicinaancestralindigena.com\/index.php\/wp-json\/wp\/v2\/comments?post=353"}],"version-history":[{"count":4,"href":"https:\/\/medicinaancestralindigena.com\/index.php\/wp-json\/wp\/v2\/pages\/353\/revisions"}],"predecessor-version":[{"id":446,"href":"https:\/\/medicinaancestralindigena.com\/index.php\/wp-json\/wp\/v2\/pages\/353\/revisions\/446"}],"wp:attachment":[{"href":"https:\/\/medicinaancestralindigena.com\/index.php\/wp-json\/wp\/v2\/media?parent=353"}],"curies":[{"name":"wp","href":"https:\/\/api.w.org\/{rel}","templated":true}]}}