{"id":204,"date":"2024-07-09T13:06:53","date_gmt":"2024-07-09T18:06:53","guid":{"rendered":"https:\/\/medicinaancestralindigena.com\/?page_id=204"},"modified":"2024-07-18T15:23:59","modified_gmt":"2024-07-18T20:23:59","slug":"mambe","status":"publish","type":"page","link":"https:\/\/medicinaancestralindigena.com\/index.php\/mambe\/","title":{"rendered":"Mambe"},"content":{"rendered":"<p>[et_pb_section fb_built=&#8221;1&#8243; _builder_version=&#8221;3.3.1&#8243; custom_padding=&#8221;54px|0|0|0px|false|false&#8221;][et_pb_row _builder_version=&#8221;3.3.1&#8243;][et_pb_column type=&#8221;1_3&#8243; _builder_version=&#8221;3.3.1&#8243; parallax=&#8221;off&#8221; parallax_method=&#8221;on&#8221;][et_pb_image src=&#8221;https:\/\/medicinaancestralindigena.com\/wp-content\/uploads\/2024\/07\/Diseno-sin-titulo.zip-7-1.jpeg&#8221; _builder_version=&#8221;3.3.1&#8243;][\/et_pb_image][\/et_pb_column][et_pb_column type=&#8221;2_3&#8243; _builder_version=&#8221;3.3.1&#8243; parallax=&#8221;off&#8221; parallax_method=&#8221;on&#8221;][et_pb_text _builder_version=&#8221;3.3.1&#8243; text_font=&#8221;Actor||||||||&#8221; text_text_color=&#8221;#000000&#8243; text_font_size=&#8221;26px&#8221;]<\/p>\n<p style=\"text-align: center;\">MAMBE<\/p>\n<p>[\/et_pb_text][et_pb_text _builder_version=&#8221;3.3.1&#8243; text_font=&#8221;Actor||||||||&#8221; text_text_color=&#8221;#000000&#8243; text_font_size=&#8221;18px&#8221;]<\/p>\n<p style=\"text-align: justify;\">El mambe es una preparaci\u00f3n tradicional, utilizada principalmente por los pueblos ind\u00edgenas, ha sido utilizada con fines medicinales, ceremoniales y sociales durante siglos, El mambe se prepara secando y triturando las hojas de coca hasta convertirlas en polvo, que luego se mezcla con ceniza de plantas ricas en calcio, como la hoja de yarumo. Esta mezcla alcalina permite la mejor absorci\u00f3n de los alcaloides, y es conocido por sus propiedades energizantes, ayudando a reducir la fatiga y el hambre. Los ind\u00edgenas lo utilizan durante largas caminatas, trabajos intensos para mantener la resistencia y la concentraci\u00f3n, las hojas de coca contienen numerosos nutrientes, incluyendo vitaminas y minerales, y ayudan en la digesti\u00f3n. El mambe puede actuar como un suplemento nutricional en regiones donde la dieta puede ser limitada. Tradicionalmente, el mambe se ha utilizado para aliviar dolores de cabeza, de muelas y otros dolores menores.<\/p>\n<p>[\/et_pb_text][\/et_pb_column][\/et_pb_row][et_pb_row _builder_version=&#8221;3.3.1&#8243;][et_pb_column type=&#8221;4_4&#8243; _builder_version=&#8221;3.3.1&#8243; parallax=&#8221;off&#8221; parallax_method=&#8221;on&#8221;][et_pb_text _builder_version=&#8221;3.3.1&#8243; text_font=&#8221;Actor||||||||&#8221; text_text_color=&#8221;#000000&#8243; text_font_size=&#8221;18px&#8221;]<\/p>\n<p style=\"text-align: justify;\">Aparte tiene un profundo significado espiritual para muchas culturas ind\u00edgenas, se usa en ceremonias para conectar con los esp\u00edritus, realizar oraciones y establecer una conexi\u00f3n con la naturaleza. Se realizan C\u00edrculos de Palabra en las reuniones sociales y ceremoniales, donde se discuten asuntos importantes de la comunidad. Este acto refuerza la cohesi\u00f3n social y el sentido de comunidad. A trav\u00e9s del uso del mambe,\u00a0los ancianos y l\u00edderes espirituales transmiten conocimientos tradicionales, historias y ense\u00f1anzas a las nuevas generaciones.<\/p>\n<p>[\/et_pb_text][\/et_pb_column][\/et_pb_row][\/et_pb_section][et_pb_section fb_built=&#8221;1&#8243; _builder_version=&#8221;3.3.1&#8243; custom_padding=&#8221;0|0px|54px|0px|false|false&#8221;][et_pb_row _builder_version=&#8221;3.3.1&#8243;][et_pb_column type=&#8221;4_4&#8243; _builder_version=&#8221;3.3.1&#8243; parallax=&#8221;off&#8221; parallax_method=&#8221;on&#8221;][et_pb_button button_url=&#8221;mailto:info@medicinaancestralindigena.com&#8221; button_text=&#8221;Conocer m\u00e1s&#8221; button_alignment=&#8221;center&#8221; _builder_version=&#8221;3.3.1&#8243; custom_button=&#8221;on&#8221; button_text_color=&#8221;#FFFFFF&#8221; button_bg_color=&#8221;#72D79D&#8221; button_border_radius=&#8221;17px&#8221; button_font=&#8221;||||||||&#8221;][\/et_pb_button][\/et_pb_column][\/et_pb_row][\/et_pb_section][et_pb_section fb_built=&#8221;1&#8243; _builder_version=&#8221;3.3.1&#8243; background_color=&#8221;#3EB260&#8243; custom_padding=&#8221;0|0px|54px|0px|false|false&#8221;][et_pb_row use_custom_width=&#8221;on&#8221; width_unit=&#8221;off&#8221; custom_width_percent=&#8221;100%&#8221; use_custom_gutter=&#8221;on&#8221; gutter_width=&#8221;2&#8243; _builder_version=&#8221;3.3.1&#8243; module_alignment=&#8221;center&#8221;][et_pb_column type=&#8221;1_4&#8243; _builder_version=&#8221;3.3.1&#8243; parallax=&#8221;off&#8221; parallax_method=&#8221;on&#8221;][et_pb_image src=&#8221;https:\/\/medicinaancestralindigena.com\/wp-content\/uploads\/2024\/07\/medicina_ancestral_indigena.jpeg&#8221; align=&#8221;center&#8221; _builder_version=&#8221;3.3.1&#8243;][\/et_pb_image][et_pb_text _builder_version=&#8221;3.3.1&#8243; text_font=&#8221;Actor||||||||&#8221; text_text_color=&#8221;#ffffff&#8221;]<\/p>\n<p style=\"text-align: center;\"><strong>Informaci\u00f3n<\/strong><\/p>\n<p style=\"text-align: center;\"><b>Bogot\u00e1: Calle 136 # 99 a 36<\/b><\/p>\n<p style=\"text-align: center;\"><b>Celular +573224275036<\/b><\/p>\n<p>[\/et_pb_text][\/et_pb_column][et_pb_column type=&#8221;1_4&#8243; _builder_version=&#8221;3.3.1&#8243; parallax=&#8221;off&#8221; parallax_method=&#8221;on&#8221;][et_pb_button button_text=&#8221;Medicinas&#8221; button_alignment=&#8221;center&#8221; _builder_version=&#8221;3.3.1&#8243; custom_button=&#8221;on&#8221; button_text_size=&#8221;14px&#8221; button_text_color=&#8221;#ffffff&#8221; button_border_width=&#8221;0px&#8221; button_font=&#8221;||||||||&#8221;][\/et_pb_button][et_pb_button button_url=&#8221;https:\/\/medicinaancestralindigena.com\/index.php\/blog\/&#8221; button_text=&#8221;Blogs&#8221; button_alignment=&#8221;center&#8221; _builder_version=&#8221;3.3.1&#8243; custom_button=&#8221;on&#8221; button_text_size=&#8221;14px&#8221; button_text_color=&#8221;#ffffff&#8221; button_border_width=&#8221;0px&#8221; button_font=&#8221;||||||||&#8221;][\/et_pb_button][et_pb_button button_url=&#8221;https:\/\/medicinaancestralindigena.com\/index.php\/tienda\/&#8221; button_text=&#8221;Tienda&#8221; button_alignment=&#8221;center&#8221; _builder_version=&#8221;3.3.1&#8243; custom_button=&#8221;on&#8221; button_text_size=&#8221;14px&#8221; button_text_color=&#8221;#ffffff&#8221; button_border_width=&#8221;0px&#8221; button_font=&#8221;||||||||&#8221;][\/et_pb_button][et_pb_button button_url=&#8221;https:\/\/medicinaancestralindigena.com\/index.php\/politicas-de-privacidad\/&#8221; button_text=&#8221;Pol\u00edticas de Privacidad&#8221; button_alignment=&#8221;center&#8221; _builder_version=&#8221;3.3.1&#8243; custom_button=&#8221;on&#8221; button_text_size=&#8221;14px&#8221; button_text_color=&#8221;#ffffff&#8221; button_border_width=&#8221;0px&#8221; button_font=&#8221;||||||||&#8221;][\/et_pb_button][et_pb_button button_url=&#8221;https:\/\/medicinaancestralindigena.com\/index.php\/terminos-y-condiciones\/&#8221; button_text=&#8221;T\u00e9rminos y Condiciones&#8221; button_alignment=&#8221;center&#8221; _builder_version=&#8221;3.3.1&#8243; custom_button=&#8221;on&#8221; button_text_size=&#8221;14px&#8221; button_text_color=&#8221;#ffffff&#8221; button_border_width=&#8221;0px&#8221; button_font=&#8221;||||||||&#8221;][\/et_pb_button][et_pb_button button_url=&#8221;https:\/\/api.whatsapp.com\/send\/?phone=573224275036&#038;text=Quiero+saber+m%C3%A1s+de%3A&#038;type=phone_number&#038;app_absent=0&#8243; button_text=&#8221;Cont\u00e1ctenos&#8221; button_alignment=&#8221;center&#8221; _builder_version=&#8221;3.3.1&#8243; custom_button=&#8221;on&#8221; button_text_size=&#8221;14px&#8221; button_text_color=&#8221;#ffffff&#8221; button_border_width=&#8221;0px&#8221; button_font=&#8221;||||||||&#8221;][\/et_pb_button][\/et_pb_column][et_pb_column type=&#8221;1_4&#8243; _builder_version=&#8221;3.3.1&#8243; parallax=&#8221;off&#8221; parallax_method=&#8221;on&#8221;][et_pb_text _builder_version=&#8221;3.3.1&#8243; text_font=&#8221;Actor||||||||&#8221; text_text_color=&#8221;#ffffff&#8221;]<\/p>\n<p style=\"text-align: center;\"><strong>Vis\u00edtenos en la Finca Los Suizos &#8211; San Francisco Cundinamarca<\/strong><\/p>\n<p>[\/et_pb_text][et_pb_image src=&#8221;https:\/\/medicinaancestralindigena.com\/wp-content\/uploads\/2024\/07\/IMG_6154.jpeg&#8221; url=&#8221;https:\/\/www.google.com\/maps\/place\/Finca+Los+Suizos\/@4.9650131,-74.3019915,17z\/data=!3m1!4b1!4m6!3m5!1s0x8e40873f1cf2e543:0xe505e5304ba3f7d8!8m2!3d4.9650131!4d-74.2994166!16s%2Fg%2F11jnplcv53?entry=ttu&#8221; _builder_version=&#8221;3.3.1&#8243;][\/et_pb_image][\/et_pb_column][et_pb_column type=&#8221;1_4&#8243; _builder_version=&#8221;3.3.1&#8243; parallax=&#8221;off&#8221; parallax_method=&#8221;on&#8221;][et_pb_text _builder_version=&#8221;3.3.1&#8243; text_font=&#8221;Actor||||||||&#8221; text_text_color=&#8221;#ffffff&#8221;]<\/p>\n<p style=\"text-align: center;\"><strong>Vis\u00edtenos en La Maloka &#8211; La Morada del Sol &#8211; Vereda Pedregal, Sogamoso<\/strong><\/p>\n<p>[\/et_pb_text][et_pb_image src=&#8221;https:\/\/medicinaancestralindigena.com\/wp-content\/uploads\/2024\/07\/IMG_6156.jpeg&#8221; url=&#8221;https:\/\/www.google.com\/maps\/place\/Maloka+La+Morada+Del+Sol+Taita+Pascual+Bello+Rosas\/@5.6461455,-72.9562256,17z\/data=!3m1!4b1!4m6!3m5!1s0x8e6a45001a258d59:0xdacafddd557326d5!8m2!3d5.6461402!4d-72.9536507!16s%2Fg%2F11lczj7y6x?entry=ttu&#8221; _builder_version=&#8221;3.3.1&#8243;][\/et_pb_image][\/et_pb_column][\/et_pb_row][\/et_pb_section]<\/p>\n","protected":false},"excerpt":{"rendered":"<p>[et_pb_section fb_built=&#8221;1&#8243; _builder_version=&#8221;3.3.1&#8243; custom_padding=&#8221;54px|0|0|0px|false|false&#8221;][et_pb_row _builder_version=&#8221;3.3.1&#8243;][et_pb_column type=&#8221;1_3&#8243; _builder_version=&#8221;3.3.1&#8243; parallax=&#8221;off&#8221; parallax_method=&#8221;on&#8221;][et_pb_image src=&#8221;https:\/\/medicinaancestralindigena.com\/wp-content\/uploads\/2024\/07\/Diseno-sin-titulo.zip-7-1.jpeg&#8221; _builder_version=&#8221;3.3.1&#8243;][\/et_pb_image][\/et_pb_column][et_pb_column type=&#8221;2_3&#8243; _builder_version=&#8221;3.3.1&#8243; parallax=&#8221;off&#8221; parallax_method=&#8221;on&#8221;][et_pb_text _builder_version=&#8221;3.3.1&#8243; text_font=&#8221;Actor||||||||&#8221; text_text_color=&#8221;#000000&#8243; text_font_size=&#8221;26px&#8221;] MAMBE [\/et_pb_text][et_pb_text _builder_version=&#8221;3.3.1&#8243; text_font=&#8221;Actor||||||||&#8221; text_text_color=&#8221;#000000&#8243; text_font_size=&#8221;18px&#8221;] El mambe es una preparaci\u00f3n tradicional, utilizada principalmente por los pueblos ind\u00edgenas, ha sido utilizada con fines medicinales, ceremoniales y sociales durante siglos, El mambe se prepara secando y triturando [&hellip;]<\/p>\n","protected":false},"author":1,"featured_media":0,"parent":0,"menu_order":0,"comment_status":"closed","ping_status":"closed","template":"","meta":{"footnotes":""},"class_list":["post-204","page","type-page","status-publish","hentry"],"_links":{"self":[{"href":"https:\/\/medicinaancestralindigena.com\/index.php\/wp-json\/wp\/v2\/pages\/204","targetHints":{"allow":["GET"]}}],"collection":[{"href":"https:\/\/medicinaancestralindigena.com\/index.php\/wp-json\/wp\/v2\/pages"}],"about":[{"href":"https:\/\/medicinaancestralindigena.com\/index.php\/wp-json\/wp\/v2\/types\/page"}],"author":[{"embeddable":true,"href":"https:\/\/medicinaancestralindigena.com\/index.php\/wp-json\/wp\/v2\/users\/1"}],"replies":[{"embeddable":true,"href":"https:\/\/medicinaancestralindigena.com\/index.php\/wp-json\/wp\/v2\/comments?post=204"}],"version-history":[{"count":7,"href":"https:\/\/medicinaancestralindigena.com\/index.php\/wp-json\/wp\/v2\/pages\/204\/revisions"}],"predecessor-version":[{"id":465,"href":"https:\/\/medicinaancestralindigena.com\/index.php\/wp-json\/wp\/v2\/pages\/204\/revisions\/465"}],"wp:attachment":[{"href":"https:\/\/medicinaancestralindigena.com\/index.php\/wp-json\/wp\/v2\/media?parent=204"}],"curies":[{"name":"wp","href":"https:\/\/api.w.org\/{rel}","templated":true}]}}