{"id":145,"date":"2024-07-05T12:40:54","date_gmt":"2024-07-05T17:40:54","guid":{"rendered":"https:\/\/medicinaancestralindigena.com\/?page_id=145"},"modified":"2024-07-05T19:24:56","modified_gmt":"2024-07-06T00:24:56","slug":"terminos-y-condiciones","status":"publish","type":"page","link":"https:\/\/medicinaancestralindigena.com\/index.php\/terminos-y-condiciones\/","title":{"rendered":"T\u00e9rminos y Condiciones"},"content":{"rendered":"<p>[et_pb_section fb_built=&#8221;1&#8243; _builder_version=&#8221;3.3.1&#8243; custom_padding=&#8221;35px|0px|1px|0px|false|false&#8221;][et_pb_row _builder_version=&#8221;3.3.1&#8243;][et_pb_column type=&#8221;4_4&#8243; _builder_version=&#8221;3.3.1&#8243; parallax=&#8221;off&#8221; parallax_method=&#8221;on&#8221;][et_pb_text text_font_size=&#8221;18px&#8221; _builder_version=&#8221;3.3.1&#8243; text_font=&#8221;Actor||||||||&#8221;]<\/p>\n<p>Bienvenido a <strong>MEDICINA ANCESTRALIND\u00cdGENA<\/strong>. Al acceder y utilizar esta p\u00e1gina web, aceptas cumplir y estar sujeto a los siguientes t\u00e9rminos y condiciones de uso, los cuales, junto con nuestra pol\u00edtica de privacidad, rigen la relaci\u00f3n con los usuarios.<\/p>\n<p>[\/et_pb_text][\/et_pb_column][\/et_pb_row][\/et_pb_section][et_pb_section fb_built=&#8221;1&#8243; specialty=&#8221;on&#8221; _builder_version=&#8221;3.3.1&#8243; custom_padding=&#8221;54px|0px|0|0px|false|false&#8221;][et_pb_column type=&#8221;1_4&#8243; parallax=&#8221;off&#8221; parallax_method=&#8221;on&#8221;][et_pb_text _builder_version=&#8221;3.3.1&#8243; text_font=&#8221;Actor||||||||&#8221;]<\/p>\n<p><strong>Uso del Contenido<\/strong><\/p>\n<p>El contenido de las p\u00e1ginas de este sitio web es para tu informaci\u00f3n general y uso personal \u00fanicamente. Est\u00e1 sujeto a cambios sin previo aviso. Ni nosotros ni terceros proporcionamos ninguna garant\u00eda en cuanto a la precisi\u00f3n, puntualidad, rendimiento, integridad o idoneidad de la informaci\u00f3n y materiales encontrados u ofrecidos en este sitio web para cualquier prop\u00f3sito particular. Reconoces que dicha informaci\u00f3n y materiales pueden contener inexactitudes o errores y excluimos expresamente la responsabilidad por cualquier inexactitud o error en la mayor medida permitida por la ley.<\/p>\n<p>[\/et_pb_text][\/et_pb_column][et_pb_column type=&#8221;3_4&#8243; specialty_columns=&#8221;3&#8243; parallax=&#8221;off&#8221; parallax_method=&#8221;on&#8221;][et_pb_row_inner _builder_version=&#8221;3.3.1&#8243;][et_pb_column_inner type=&#8221;1_3&#8243; saved_specialty_column_type=&#8221;3_4&#8243; parallax=&#8221;off&#8221; parallax_method=&#8221;on&#8221;][et_pb_text _builder_version=&#8221;3.3.1&#8243; text_font=&#8221;Actor||||||||&#8221;]<\/p>\n<p><strong>Aceptaci\u00f3n de los T\u00e9rminos<\/strong><\/p>\n<p>Al utilizar nuestro sitio web, aceptas estos t\u00e9rminos y condiciones en su totalidad. Si no est\u00e1s de acuerdo con alguna parte de estos t\u00e9rminos, no debes utilizar nuestro sitio web.<\/p>\n<p>El uso de medicinas ancestrales es bajo responsabilidad y conciencia del usuario, no nos hacemos\u00a0\u00a0 responsables de su mal consumo.<\/p>\n<p>[\/et_pb_text][\/et_pb_column_inner][et_pb_column_inner type=&#8221;1_3&#8243; saved_specialty_column_type=&#8221;3_4&#8243; parallax=&#8221;off&#8221; parallax_method=&#8221;on&#8221;][et_pb_text _builder_version=&#8221;3.3.1&#8243; text_font=&#8221;Actor||||||||&#8221;]<\/p>\n<p><strong>Limitaci\u00f3n de Responsabilidad<\/strong><\/p>\n<p>El uso de cualquier informaci\u00f3n o material en este sitio web es enteramente bajo tu propio riesgo, por lo cual no seremos responsables. Ser\u00e1 tu propia responsabilidad asegurarte de que cualquier producto, servicio o informaci\u00f3n disponible a trav\u00e9s de este sitio web cumpla con tus requisitos espec\u00edficos.<\/p>\n<p>[\/et_pb_text][\/et_pb_column_inner][et_pb_column_inner type=&#8221;1_3&#8243; saved_specialty_column_type=&#8221;3_4&#8243; parallax=&#8221;off&#8221; parallax_method=&#8221;on&#8221;][et_pb_text _builder_version=&#8221;3.3.1&#8243; text_font=&#8221;Actor||||||||&#8221;]<\/p>\n<p><strong>Propiedad Intelectual<\/strong><\/p>\n<p>Este sitio web contiene material que es propiedad nuestra o est\u00e1 licenciado para nuestro uso. Este material incluye, pero no se limita a, el dise\u00f1o, el layout, la apariencia y los gr\u00e1ficos. Queda prohibida la reproducci\u00f3n, excepto en conformidad con el aviso de derechos de autor, que forma parte de estos t\u00e9rminos y condiciones.<\/p>\n<p>[\/et_pb_text][\/et_pb_column_inner][\/et_pb_row_inner][et_pb_row_inner _builder_version=&#8221;3.3.1&#8243;][et_pb_column_inner type=&#8221;4_4&#8243; saved_specialty_column_type=&#8221;3_4&#8243; parallax=&#8221;off&#8221; parallax_method=&#8221;on&#8221;][et_pb_text _builder_version=&#8221;3.3.1&#8243; text_font=&#8221;Actor||||||||&#8221;]<\/p>\n<p><strong>Enlaces a Otros Sitios Web<\/strong><\/p>\n<p>De vez en cuando, este sitio web puede incluir enlaces a otros sitios web. Estos enlaces se proporcionan para tu conveniencia para proporcionar m\u00e1s informaci\u00f3n. No significan que respaldamos el sitio web(s). No tenemos ninguna responsabilidad por el contenido del sitio web enlazado.<\/p>\n<p>[\/et_pb_text][\/et_pb_column_inner][\/et_pb_row_inner][\/et_pb_column][\/et_pb_section][et_pb_section fb_built=&#8221;1&#8243; specialty=&#8221;on&#8221; _builder_version=&#8221;3.3.1&#8243; custom_padding=&#8221;4px|0px|54px|0px|false|false&#8221;][et_pb_column type=&#8221;1_2&#8243; specialty_columns=&#8221;2&#8243; parallax=&#8221;off&#8221; parallax_method=&#8221;on&#8221;][et_pb_row_inner _builder_version=&#8221;3.3.1&#8243;][et_pb_column_inner type=&#8221;1_2&#8243; saved_specialty_column_type=&#8221;1_2&#8243; parallax=&#8221;off&#8221; parallax_method=&#8221;on&#8221;][et_pb_text _builder_version=&#8221;3.3.1&#8243; text_font=&#8221;Actor||||||||&#8221;]<\/p>\n<p><strong>Pr\u00e1cticas de Medicina Ancestral<\/strong><\/p>\n<p>La informaci\u00f3n proporcionada en esta p\u00e1gina web sobre Medicina Ancestral Ind\u00edgena se basa en tradiciones y pr\u00e1cticas culturales de diversas comunidades ind\u00edgenas. No debe interpretarse como un sustituto del consejo m\u00e9dico profesional, diagn\u00f3stico o tratamiento. Siempre busca el consejo de tu m\u00e9dico u otro proveedor de salud calificado con cualquier pregunta que puedas tener sobre una condici\u00f3n m\u00e9dica.<\/p>\n<p>[\/et_pb_text][\/et_pb_column_inner][et_pb_column_inner type=&#8221;1_2&#8243; saved_specialty_column_type=&#8221;1_2&#8243; parallax=&#8221;off&#8221; parallax_method=&#8221;on&#8221;][et_pb_text _builder_version=&#8221;3.3.1&#8243; text_font=&#8221;Actor||||||||&#8221;]<\/p>\n<p><strong>Pr\u00e1cticas de Medicina Ancestral<\/strong><\/p>\n<p>La informaci\u00f3n proporcionada en esta p\u00e1gina web sobre Medicina Ancestral Ind\u00edgena se basa en tradiciones y pr\u00e1cticas culturales de diversas comunidades ind\u00edgenas. No debe interpretarse como un sustituto del consejo m\u00e9dico profesional, diagn\u00f3stico o tratamiento. Siempre busca el consejo de tu m\u00e9dico u otro proveedor de salud calificado con cualquier pregunta que puedas tener sobre una condici\u00f3n m\u00e9dica.<\/p>\n<p>[\/et_pb_text][\/et_pb_column_inner][\/et_pb_row_inner][et_pb_row_inner _builder_version=&#8221;3.3.1&#8243;][et_pb_column_inner type=&#8221;4_4&#8243; saved_specialty_column_type=&#8221;1_2&#8243; parallax=&#8221;off&#8221; parallax_method=&#8221;on&#8221;][et_pb_text _builder_version=&#8221;3.3.1&#8243; text_font=&#8221;Actor||||||||&#8221;]<\/p>\n<p><strong>Ley Aplicable<\/strong><\/p>\n<p>El uso de este sitio web y cualquier disputa que surja de dicho uso del sitio web est\u00e1 sujeto a las leyes de [Pa\u00eds].<\/p>\n<p>[\/et_pb_text][\/et_pb_column_inner][\/et_pb_row_inner][\/et_pb_column][et_pb_column type=&#8221;1_2&#8243; parallax=&#8221;off&#8221; parallax_method=&#8221;on&#8221;][et_pb_text _builder_version=&#8221;3.3.1&#8243; text_font=&#8221;Actor||||||||&#8221;]<\/p>\n<p><strong>Pol\u00edtica de Privacidad<\/strong><\/p>\n<ol>\n<li>Recopilaci\u00f3n de Informaci\u00f3n: Podemos recopilar informaci\u00f3n personal identificable, como tu nombre y datos de contacto, cuando te registras en nuestro sitio o suscribes a nuestro bolet\u00edn.<\/li>\n<\/ol>\n<p>&nbsp;<\/p>\n<ol start=\"2\">\n<li>Uso de la Informaci\u00f3n: Utilizamos esta informaci\u00f3n para mejorar nuestros servicios, personalizar tu experiencia y enviar correos electr\u00f3nicos peri\u00f3dicos.<\/li>\n<\/ol>\n<p>&nbsp;<\/p>\n<ol start=\"3\">\n<li>Seguridad: Implementamos medidas de seguridad para mantener la seguridad de tu informaci\u00f3n personal.<\/li>\n<\/ol>\n<p>[\/et_pb_text][et_pb_text _builder_version=&#8221;3.3.1&#8243; text_font=&#8221;Actor||||||||&#8221;]<\/p>\n<p>Para m\u00e1s detalles sobre nuestra pol\u00edtica de privacidad, consulta nuestra [Pol\u00edtica de Privacidad completa].<\/p>\n<p>Para m\u00e1s informaci\u00f3n y servicios personalizados, escr\u00edbenos a info@medicinaancestralindigena.com<\/p>\n<p>&nbsp;<\/p>\n<p>[\/et_pb_text][\/et_pb_column][\/et_pb_section]<\/p>\n","protected":false},"excerpt":{"rendered":"<p>[et_pb_section fb_built=&#8221;1&#8243; _builder_version=&#8221;3.3.1&#8243; custom_padding=&#8221;35px|0px|1px|0px|false|false&#8221;][et_pb_row _builder_version=&#8221;3.3.1&#8243;][et_pb_column type=&#8221;4_4&#8243; _builder_version=&#8221;3.3.1&#8243; parallax=&#8221;off&#8221; parallax_method=&#8221;on&#8221;][et_pb_text text_font_size=&#8221;18px&#8221; _builder_version=&#8221;3.3.1&#8243; text_font=&#8221;Actor||||||||&#8221;] Bienvenido a MEDICINA ANCESTRALIND\u00cdGENA. Al acceder y utilizar esta p\u00e1gina web, aceptas cumplir y estar sujeto a los siguientes t\u00e9rminos y condiciones de uso, los cuales, junto con nuestra pol\u00edtica de privacidad, rigen la relaci\u00f3n con los usuarios. [\/et_pb_text][\/et_pb_column][\/et_pb_row][\/et_pb_section][et_pb_section fb_built=&#8221;1&#8243; specialty=&#8221;on&#8221; _builder_version=&#8221;3.3.1&#8243; custom_padding=&#8221;54px|0px|0|0px|false|false&#8221;][et_pb_column [&hellip;]<\/p>\n","protected":false},"author":1,"featured_media":0,"parent":0,"menu_order":0,"comment_status":"closed","ping_status":"closed","template":"","meta":{"footnotes":""},"class_list":["post-145","page","type-page","status-publish","hentry"],"_links":{"self":[{"href":"https:\/\/medicinaancestralindigena.com\/index.php\/wp-json\/wp\/v2\/pages\/145","targetHints":{"allow":["GET"]}}],"collection":[{"href":"https:\/\/medicinaancestralindigena.com\/index.php\/wp-json\/wp\/v2\/pages"}],"about":[{"href":"https:\/\/medicinaancestralindigena.com\/index.php\/wp-json\/wp\/v2\/types\/page"}],"author":[{"embeddable":true,"href":"https:\/\/medicinaancestralindigena.com\/index.php\/wp-json\/wp\/v2\/users\/1"}],"replies":[{"embeddable":true,"href":"https:\/\/medicinaancestralindigena.com\/index.php\/wp-json\/wp\/v2\/comments?post=145"}],"version-history":[{"count":3,"href":"https:\/\/medicinaancestralindigena.com\/index.php\/wp-json\/wp\/v2\/pages\/145\/revisions"}],"predecessor-version":[{"id":150,"href":"https:\/\/medicinaancestralindigena.com\/index.php\/wp-json\/wp\/v2\/pages\/145\/revisions\/150"}],"wp:attachment":[{"href":"https:\/\/medicinaancestralindigena.com\/index.php\/wp-json\/wp\/v2\/media?parent=145"}],"curies":[{"name":"wp","href":"https:\/\/api.w.org\/{rel}","templated":true}]}}